{"id":1150,"date":"2024-03-22T12:30:44","date_gmt":"2024-03-22T12:30:44","guid":{"rendered":"http:\/\/aidatransports.local\/?page_id=1150"},"modified":"2025-08-05T07:52:18","modified_gmt":"2025-08-05T07:52:18","slug":"mentions-legales","status":"publish","type":"page","link":"https:\/\/aidatransports.com\/aidat2024\/mentions-legales\/","title":{"rendered":"Mentions l\u00e9gales"},"content":{"rendered":"\t\t<div data-elementor-type=\"wp-page\" data-elementor-id=\"1150\" class=\"elementor elementor-1150\">\n\t\t\t\t\t\t<section class=\"elementor-section elementor-top-section elementor-element elementor-element-886e34e elementor-section-boxed elementor-section-height-default elementor-section-height-default wpr-particle-no wpr-jarallax-no wpr-parallax-no wpr-sticky-section-no\" data-id=\"886e34e\" data-element_type=\"section\" data-e-type=\"section\" data-settings=\"{&quot;background_background&quot;:&quot;classic&quot;}\">\n\t\t\t\t\t\t\t<div class=\"elementor-background-overlay\"><\/div>\n\t\t\t\t\t\t\t<div class=\"elementor-container elementor-column-gap-default\">\n\t\t\t\t\t<div class=\"elementor-column elementor-col-100 elementor-top-column elementor-element elementor-element-ae73308\" data-id=\"ae73308\" data-element_type=\"column\" data-e-type=\"column\">\n\t\t\t<div class=\"elementor-widget-wrap elementor-element-populated\">\n\t\t\t\t\t\t<div class=\"elementor-element elementor-element-f2acafa elementor-widget elementor-widget-heading\" data-id=\"f2acafa\" data-element_type=\"widget\" data-e-type=\"widget\" data-widget_type=\"heading.default\">\n\t\t\t\t<div class=\"elementor-widget-container\">\n\t\t\t\t\t<h2 class=\"elementor-heading-title elementor-size-default\">Mentions l\u00e9gales<\/h2>\t\t\t\t<\/div>\n\t\t\t\t<\/div>\n\t\t\t\t\t<\/div>\n\t\t<\/div>\n\t\t\t\t\t<\/div>\n\t\t<\/section>\n\t\t\t\t<section class=\"elementor-section elementor-top-section elementor-element elementor-element-c2a6094 elementor-section-boxed elementor-section-height-default elementor-section-height-default wpr-particle-no wpr-jarallax-no wpr-parallax-no wpr-sticky-section-no\" data-id=\"c2a6094\" data-element_type=\"section\" data-e-type=\"section\">\n\t\t\t\t\t\t<div class=\"elementor-container elementor-column-gap-default\">\n\t\t\t\t\t<div class=\"elementor-column elementor-col-100 elementor-top-column elementor-element elementor-element-4daa400\" data-id=\"4daa400\" data-element_type=\"column\" data-e-type=\"column\">\n\t\t\t<div class=\"elementor-widget-wrap elementor-element-populated\">\n\t\t\t\t\t\t<div class=\"elementor-element elementor-element-1d2b972 elementor-widget elementor-widget-heading\" data-id=\"1d2b972\" data-element_type=\"widget\" data-e-type=\"widget\" data-widget_type=\"heading.default\">\n\t\t\t\t<div class=\"elementor-widget-container\">\n\t\t\t\t\t<h2 class=\"elementor-heading-title elementor-size-default\">Identification du propri\u00e9taire et du responsable de publication<\/h2>\t\t\t\t<\/div>\n\t\t\t\t<\/div>\n\t\t\t\t<div class=\"elementor-element elementor-element-a2f45bf elementor-widget elementor-widget-text-editor\" data-id=\"a2f45bf\" data-element_type=\"widget\" data-e-type=\"widget\" data-widget_type=\"text-editor.default\">\n\t\t\t\t<div class=\"elementor-widget-container\">\n\t\t\t\t\t\t\t\t\t<p>AIDA Transports<br \/>Espace Couture, Cr\u00e9aVall\u00e9e Sud, N21<br \/>24660 Sanilhac<br \/>T\u00e9l : 06 03 48 48 60<\/p>\t\t\t\t\t\t\t\t<\/div>\n\t\t\t\t<\/div>\n\t\t\t\t<div class=\"elementor-element elementor-element-e5caefc elementor-widget elementor-widget-heading\" data-id=\"e5caefc\" data-element_type=\"widget\" data-e-type=\"widget\" data-widget_type=\"heading.default\">\n\t\t\t\t<div class=\"elementor-widget-container\">\n\t\t\t\t\t<h2 class=\"elementor-heading-title elementor-size-default\">Conception, d\u00e9veloppement et h\u00e9bergement<\/h2>\t\t\t\t<\/div>\n\t\t\t\t<\/div>\n\t\t\t\t<div class=\"elementor-element elementor-element-41120c4 elementor-widget elementor-widget-text-editor\" data-id=\"41120c4\" data-element_type=\"widget\" data-e-type=\"widget\" data-widget_type=\"text-editor.default\">\n\t\t\t\t<div class=\"elementor-widget-container\">\n\t\t\t\t\t\t\t\t\t<p>SAS Le Z\u00e9ro et l\u2019Infini <br \/>Espace Couture, Cr\u00e9aVall\u00e9e Sud,<br \/>N21 24660 Sanilhac<br \/>T\u00e9l : 05 53 45 46 00<br \/>SIRET : 335 307 021 00055 R.C.S. :\u00a0Perigueux B 335307021<br \/>Au capital de 100 000 \u20ac<br \/>Num\u00e9ro TVA intracommunautaire : FR 353 353 07 021<br \/>Adresse de courrier \u00e9lectronique :\u00a0<a href=\"mailto:contact@zero-infini.com\">contact@zero-infini.com<\/a><\/p><p><strong>H\u00e9bergeur du site :<\/strong><\/p><p>OVH SAS<br \/>2 rue Kellerman, 59100 Roubaix<\/p><p>Cr\u00e9dits photos : Unsplash.<\/p>\t\t\t\t\t\t\t\t<\/div>\n\t\t\t\t<\/div>\n\t\t\t\t<div class=\"elementor-element elementor-element-dd8da0c elementor-widget elementor-widget-heading\" data-id=\"dd8da0c\" data-element_type=\"widget\" data-e-type=\"widget\" data-widget_type=\"heading.default\">\n\t\t\t\t<div class=\"elementor-widget-container\">\n\t\t\t\t\t<h2 class=\"elementor-heading-title elementor-size-default\">Description des services fournis<\/h2>\t\t\t\t<\/div>\n\t\t\t\t<\/div>\n\t\t\t\t<div class=\"elementor-element elementor-element-57ce057 elementor-widget elementor-widget-text-editor\" data-id=\"57ce057\" data-element_type=\"widget\" data-e-type=\"widget\" data-widget_type=\"text-editor.default\">\n\t\t\t\t<div class=\"elementor-widget-container\">\n\t\t\t\t\t\t\t\t\t<p>Le site <a href=\"https:\/\/aidatransports.com\/aidat2024\/\">aidatransports.com<\/a> a pour objet de fournir une information concernant l&rsquo;ensemble des activit\u00e9s de la soci\u00e9t\u00e9.<\/p><p>Le propri\u00e9taire du site s&rsquo;efforce de fournir sur le site de aidatransports.com des informations aussi pr\u00e9cises que possible.<\/p><p>Toutefois, il ne pourra \u00eatre tenue responsable des omissions, des inexactitudes et des carences dans la mise \u00e0 jour, qu\u2019elles soient de son fait ou du fait des tiers partenaires qui lui fournissent ces informations.<\/p><p>Toutes les informations propos\u00e9es sur le site de aidatransports.com sont donn\u00e9es \u00e0 un titre indicatif, sont non exhaustives, et sont susceptibles d&rsquo;\u00e9voluer.<\/p><p>Elles sont donn\u00e9es sous r\u00e9serve de modifications ayant \u00e9t\u00e9 apport\u00e9es depuis leur mise en ligne.<\/p>\t\t\t\t\t\t\t\t<\/div>\n\t\t\t\t<\/div>\n\t\t\t\t<div class=\"elementor-element elementor-element-78df81b elementor-widget elementor-widget-heading\" data-id=\"78df81b\" data-element_type=\"widget\" data-e-type=\"widget\" data-widget_type=\"heading.default\">\n\t\t\t\t<div class=\"elementor-widget-container\">\n\t\t\t\t\t<h2 class=\"elementor-heading-title elementor-size-default\">Propri\u00e9t\u00e9 intellectuelle et contrefa\u00e7ons<\/h2>\t\t\t\t<\/div>\n\t\t\t\t<\/div>\n\t\t\t\t<div class=\"elementor-element elementor-element-bd7d872 elementor-widget elementor-widget-text-editor\" data-id=\"bd7d872\" data-element_type=\"widget\" data-e-type=\"widget\" data-widget_type=\"text-editor.default\">\n\t\t\t\t<div class=\"elementor-widget-container\">\n\t\t\t\t\t\t\t\t\t<p>Le propri\u00e9t\u00e9 du site est propri\u00e9taire des droits de propri\u00e9t\u00e9 intellectuelle ou d\u00e9tient les droits d&rsquo;usage sur tous les \u00e9l\u00e9ments accessibles sur le site, notamment les textes, images, graphismes, logos, ic\u00f4nes, sons, logiciels&#8230;<\/p><p>Toute reproduction, repr\u00e9sentation, modification, publication, adaptation totale ou partielle des \u00e9l\u00e9ments du site, quel que soit le moyen ou le proc\u00e9d\u00e9 utilis\u00e9, est interdite, sauf autorisation \u00e9crite demand\u00e9e au pr\u00e9alable via le formulaire de contact.<\/p><p>Toute exploitation non autoris\u00e9e du site ou de quelconque des \u00e9l\u00e9ments qu&rsquo;il contient sera consid\u00e9r\u00e9e comme constitutive d&rsquo;une contrefa\u00e7on et poursuivie conform\u00e9ment aux dispositions des articles L.335-2 et suivants du Code de Propri\u00e9t\u00e9 Intellectuelle.<\/p>\t\t\t\t\t\t\t\t<\/div>\n\t\t\t\t<\/div>\n\t\t\t\t<div class=\"elementor-element elementor-element-51ceb26 elementor-widget elementor-widget-heading\" data-id=\"51ceb26\" data-element_type=\"widget\" data-e-type=\"widget\" data-widget_type=\"heading.default\">\n\t\t\t\t<div class=\"elementor-widget-container\">\n\t\t\t\t\t<h2 class=\"elementor-heading-title elementor-size-default\">Liens hypertextes et cookies<\/h2>\t\t\t\t<\/div>\n\t\t\t\t<\/div>\n\t\t\t\t<div class=\"elementor-element elementor-element-05f1786 elementor-widget elementor-widget-text-editor\" data-id=\"05f1786\" data-element_type=\"widget\" data-e-type=\"widget\" data-widget_type=\"text-editor.default\">\n\t\t\t\t<div class=\"elementor-widget-container\">\n\t\t\t\t\t\t\t\t\t<p>Le site <a href=\"https:\/\/aidatransports.com\/aidat2024\/\">aidatransports.com<\/a> peut contenir des liens hypertextes vers d&rsquo;autres sites (partenaires, informations&#8230;) mis en place avec l&rsquo;autorisation du propri\u00e9taire du site. Cependant, le propri\u00e9taire du site n&rsquo;a pas la possibilit\u00e9 de v\u00e9rifier le contenu des sites ainsi visit\u00e9s et d\u00e9cline donc toute responsabilit\u00e9 de ce fait quant aux risques \u00e9ventuels de contenus illicites.<\/p>\t\t\t\t\t\t\t\t<\/div>\n\t\t\t\t<\/div>\n\t\t\t\t<div class=\"elementor-element elementor-element-f6cb64c wpr-button-icon-style-inline wpr-button-icon-position-right elementor-widget elementor-widget-wpr-button\" data-id=\"f6cb64c\" data-element_type=\"widget\" data-e-type=\"widget\" data-widget_type=\"wpr-button.default\">\n\t\t\t\t<div class=\"elementor-widget-container\">\n\t\t\t\t\t\t\n\t\t\t\n\t\t\n\t\t<div class=\"wpr-button-wrap elementor-clearfix\">\n\t\t<a class=\"wpr-button wpr-button-effect wpr-button-none\" data-text=\"\" href=\"https:\/\/aidatransports.com\/aidat2024\/contact-2\/\">\n\t\t\t\n\t\t\t<span class=\"wpr-button-content\">\n\t\t\t\t\t\t\t\t\t<span class=\"wpr-button-text\">Contactez-nous<\/span>\n\t\t\t\t\t\t\t\t\n\t\t\t\t\t\t\t<\/span>\n\t\t<\/a>\n\n\t\t\t\t<\/div>\n\t\n\t\n\t\t\t\t\t<\/div>\n\t\t\t\t<\/div>\n\t\t\t\t\t<\/div>\n\t\t<\/div>\n\t\t\t\t\t<\/div>\n\t\t<\/section>\n\t\t\t\t<section class=\"elementor-section elementor-top-section elementor-element elementor-element-0752bc8 elementor-section-full_width elementor-section-height-default elementor-section-height-default wpr-particle-no wpr-jarallax-no wpr-parallax-no wpr-sticky-section-no\" data-id=\"0752bc8\" data-element_type=\"section\" data-e-type=\"section\">\n\t\t\t\t\t\t<div class=\"elementor-container elementor-column-gap-default\">\n\t\t\t\t\t<div class=\"elementor-column elementor-col-100 elementor-top-column elementor-element elementor-element-d4587b7\" data-id=\"d4587b7\" data-element_type=\"column\" data-e-type=\"column\">\n\t\t\t<div class=\"elementor-widget-wrap elementor-element-populated\">\n\t\t\t\t\t\t<div class=\"elementor-element elementor-element-480ca4e elementor-widget-divider--view-line elementor-widget elementor-widget-divider\" data-id=\"480ca4e\" data-element_type=\"widget\" data-e-type=\"widget\" data-widget_type=\"divider.default\">\n\t\t\t\t<div class=\"elementor-widget-container\">\n\t\t\t\t\t\t\t<div class=\"elementor-divider\">\n\t\t\t<span class=\"elementor-divider-separator\">\n\t\t\t\t\t\t<\/span>\n\t\t<\/div>\n\t\t\t\t\t\t<\/div>\n\t\t\t\t<\/div>\n\t\t\t\t\t<\/div>\n\t\t<\/div>\n\t\t\t\t\t<\/div>\n\t\t<\/section>\n\t\t\t\t<\/div>\n\t\t","protected":false},"excerpt":{"rendered":"<p>Mentions l\u00e9gales Identification du propri\u00e9taire et du responsable de publication AIDA TransportsEspace Couture, Cr\u00e9aVall\u00e9e Sud, N2124660 SanilhacT\u00e9l : 06 03 48 48 60 Conception, d\u00e9veloppement et h\u00e9bergement SAS Le Z\u00e9ro et l\u2019Infini Espace Couture, Cr\u00e9aVall\u00e9e Sud,N21 24660 SanilhacT\u00e9l : 05 53 45 46 00SIRET : 335 307 021 00055 R.C.S. :\u00a0Perigueux B 335307021Au capital de 100 000 \u20acNum\u00e9ro TVA intracommunautaire : FR 353 353 07 021Adresse de courrier \u00e9lectronique :\u00a0contact@zero-infini.com H\u00e9bergeur du site : OVH SAS2 rue Kellerman, 59100 Roubaix Cr\u00e9dits photos : Unsplash. Description des services fournis Le site aidatransports.com a pour objet de fournir une information concernant l&rsquo;ensemble des activit\u00e9s de la soci\u00e9t\u00e9. Le propri\u00e9taire du site s&rsquo;efforce de fournir sur le site de aidatransports.com des informations aussi pr\u00e9cises que possible. Toutefois, il ne pourra \u00eatre tenue responsable des omissions, des inexactitudes et des carences dans la mise \u00e0 jour, qu\u2019elles soient de son fait ou du fait des tiers partenaires qui lui fournissent ces informations. Toutes les informations propos\u00e9es sur le site de aidatransports.com sont donn\u00e9es \u00e0 un titre indicatif, sont non exhaustives, et sont susceptibles d&rsquo;\u00e9voluer. Elles sont donn\u00e9es sous r\u00e9serve de modifications ayant \u00e9t\u00e9 apport\u00e9es depuis leur mise en ligne. Propri\u00e9t\u00e9 intellectuelle et contrefa\u00e7ons Le propri\u00e9t\u00e9 du site est propri\u00e9taire des droits de propri\u00e9t\u00e9 intellectuelle ou d\u00e9tient les droits d&rsquo;usage sur tous les \u00e9l\u00e9ments accessibles sur le site, notamment les textes, images, graphismes, logos, ic\u00f4nes, sons, logiciels&#8230; Toute reproduction, repr\u00e9sentation, modification, publication, adaptation totale ou partielle des \u00e9l\u00e9ments du site, quel que soit le moyen ou le proc\u00e9d\u00e9 utilis\u00e9, est interdite, sauf autorisation \u00e9crite demand\u00e9e au pr\u00e9alable via le formulaire de contact. Toute exploitation non autoris\u00e9e du site ou de quelconque des \u00e9l\u00e9ments qu&rsquo;il contient sera consid\u00e9r\u00e9e comme constitutive d&rsquo;une contrefa\u00e7on et poursuivie conform\u00e9ment aux dispositions des articles L.335-2 et suivants du Code de Propri\u00e9t\u00e9 Intellectuelle. Liens hypertextes et cookies Le site aidatransports.com peut contenir des liens hypertextes vers d&rsquo;autres sites (partenaires, informations&#8230;) mis en place avec l&rsquo;autorisation du propri\u00e9taire du site. Cependant, le propri\u00e9taire du site n&rsquo;a pas la possibilit\u00e9 de v\u00e9rifier le contenu des sites ainsi visit\u00e9s et d\u00e9cline donc toute responsabilit\u00e9 de ce fait quant aux risques \u00e9ventuels de contenus illicites. Contactez-nous<\/p>\n","protected":false},"author":1,"featured_media":0,"parent":0,"menu_order":0,"comment_status":"closed","ping_status":"closed","template":"elementor_canvas","meta":{"footnotes":""},"class_list":["post-1150","page","type-page","status-publish","hentry"],"yoast_head":"<!-- This site is optimized with the Yoast SEO plugin v27.3 - https:\/\/yoast.com\/product\/yoast-seo-wordpress\/ -->\n<title>AIDA Transports | Informations \u00e9diteur logiciel transport<\/title>\n<meta name=\"description\" content=\"Consultez les mentions l\u00e9gales du site AIDA Transports : informations sur l\u2019\u00e9diteur, l\u2019h\u00e9bergement et les conditions d\u2019utilisation de notre solution TMS.\" \/>\n<meta name=\"robots\" content=\"index, follow, max-snippet:-1, max-image-preview:large, max-video-preview:-1\" \/>\n<link rel=\"canonical\" href=\"https:\/\/aidatransports.com\/aidat2024\/mentions-legales\/\" \/>\n<meta property=\"og:locale\" content=\"fr_FR\" \/>\n<meta property=\"og:type\" content=\"article\" \/>\n<meta property=\"og:title\" content=\"AIDA Transports | Informations \u00e9diteur logiciel transport\" \/>\n<meta property=\"og:description\" content=\"Consultez les mentions l\u00e9gales du site AIDA Transports : informations sur l\u2019\u00e9diteur, l\u2019h\u00e9bergement et les conditions d\u2019utilisation de notre solution TMS.\" \/>\n<meta property=\"og:url\" content=\"https:\/\/aidatransports.com\/aidat2024\/mentions-legales\/\" \/>\n<meta property=\"og:site_name\" content=\"aidatransports\" \/>\n<meta property=\"article:modified_time\" content=\"2025-08-05T07:52:18+00:00\" \/>\n<meta name=\"twitter:card\" content=\"summary_large_image\" \/>\n<meta name=\"twitter:label1\" content=\"Dur\u00e9e de lecture estim\u00e9e\" \/>\n\t<meta name=\"twitter:data1\" content=\"2 minutes\" \/>\n<script type=\"application\/ld+json\" class=\"yoast-schema-graph\">{\"@context\":\"https:\\\/\\\/schema.org\",\"@graph\":[{\"@type\":\"WebPage\",\"@id\":\"https:\\\/\\\/aidatransports.com\\\/aidat2024\\\/mentions-legales\\\/\",\"url\":\"https:\\\/\\\/aidatransports.com\\\/aidat2024\\\/mentions-legales\\\/\",\"name\":\"AIDA Transports | Informations \u00e9diteur logiciel transport\",\"isPartOf\":{\"@id\":\"https:\\\/\\\/aidatransports.com\\\/aidat2024\\\/#website\"},\"datePublished\":\"2024-03-22T12:30:44+00:00\",\"dateModified\":\"2025-08-05T07:52:18+00:00\",\"description\":\"Consultez les mentions l\u00e9gales du site AIDA Transports : informations sur l\u2019\u00e9diteur, l\u2019h\u00e9bergement et les conditions d\u2019utilisation de notre solution TMS.\",\"breadcrumb\":{\"@id\":\"https:\\\/\\\/aidatransports.com\\\/aidat2024\\\/mentions-legales\\\/#breadcrumb\"},\"inLanguage\":\"fr-FR\",\"potentialAction\":[{\"@type\":\"ReadAction\",\"target\":[\"https:\\\/\\\/aidatransports.com\\\/aidat2024\\\/mentions-legales\\\/\"]}]},{\"@type\":\"BreadcrumbList\",\"@id\":\"https:\\\/\\\/aidatransports.com\\\/aidat2024\\\/mentions-legales\\\/#breadcrumb\",\"itemListElement\":[{\"@type\":\"ListItem\",\"position\":1,\"name\":\"Accueil\",\"item\":\"https:\\\/\\\/aidatransports.com\\\/aidat2024\\\/\"},{\"@type\":\"ListItem\",\"position\":2,\"name\":\"Mentions l\u00e9gales\"}]},{\"@type\":\"WebSite\",\"@id\":\"https:\\\/\\\/aidatransports.com\\\/aidat2024\\\/#website\",\"url\":\"https:\\\/\\\/aidatransports.com\\\/aidat2024\\\/\",\"name\":\"aidatransports\",\"description\":\"\",\"potentialAction\":[{\"@type\":\"SearchAction\",\"target\":{\"@type\":\"EntryPoint\",\"urlTemplate\":\"https:\\\/\\\/aidatransports.com\\\/aidat2024\\\/?s={search_term_string}\"},\"query-input\":{\"@type\":\"PropertyValueSpecification\",\"valueRequired\":true,\"valueName\":\"search_term_string\"}}],\"inLanguage\":\"fr-FR\"}]}<\/script>\n<!-- \/ Yoast SEO plugin. -->","yoast_head_json":{"title":"AIDA Transports | Informations \u00e9diteur logiciel transport","description":"Consultez les mentions l\u00e9gales du site AIDA Transports : informations sur l\u2019\u00e9diteur, l\u2019h\u00e9bergement et les conditions d\u2019utilisation de notre solution TMS.","robots":{"index":"index","follow":"follow","max-snippet":"max-snippet:-1","max-image-preview":"max-image-preview:large","max-video-preview":"max-video-preview:-1"},"canonical":"https:\/\/aidatransports.com\/aidat2024\/mentions-legales\/","og_locale":"fr_FR","og_type":"article","og_title":"AIDA Transports | Informations \u00e9diteur logiciel transport","og_description":"Consultez les mentions l\u00e9gales du site AIDA Transports : informations sur l\u2019\u00e9diteur, l\u2019h\u00e9bergement et les conditions d\u2019utilisation de notre solution TMS.","og_url":"https:\/\/aidatransports.com\/aidat2024\/mentions-legales\/","og_site_name":"aidatransports","article_modified_time":"2025-08-05T07:52:18+00:00","twitter_card":"summary_large_image","twitter_misc":{"Dur\u00e9e de lecture estim\u00e9e":"2 minutes"},"schema":{"@context":"https:\/\/schema.org","@graph":[{"@type":"WebPage","@id":"https:\/\/aidatransports.com\/aidat2024\/mentions-legales\/","url":"https:\/\/aidatransports.com\/aidat2024\/mentions-legales\/","name":"AIDA Transports | Informations \u00e9diteur logiciel transport","isPartOf":{"@id":"https:\/\/aidatransports.com\/aidat2024\/#website"},"datePublished":"2024-03-22T12:30:44+00:00","dateModified":"2025-08-05T07:52:18+00:00","description":"Consultez les mentions l\u00e9gales du site AIDA Transports : informations sur l\u2019\u00e9diteur, l\u2019h\u00e9bergement et les conditions d\u2019utilisation de notre solution TMS.","breadcrumb":{"@id":"https:\/\/aidatransports.com\/aidat2024\/mentions-legales\/#breadcrumb"},"inLanguage":"fr-FR","potentialAction":[{"@type":"ReadAction","target":["https:\/\/aidatransports.com\/aidat2024\/mentions-legales\/"]}]},{"@type":"BreadcrumbList","@id":"https:\/\/aidatransports.com\/aidat2024\/mentions-legales\/#breadcrumb","itemListElement":[{"@type":"ListItem","position":1,"name":"Accueil","item":"https:\/\/aidatransports.com\/aidat2024\/"},{"@type":"ListItem","position":2,"name":"Mentions l\u00e9gales"}]},{"@type":"WebSite","@id":"https:\/\/aidatransports.com\/aidat2024\/#website","url":"https:\/\/aidatransports.com\/aidat2024\/","name":"aidatransports","description":"","potentialAction":[{"@type":"SearchAction","target":{"@type":"EntryPoint","urlTemplate":"https:\/\/aidatransports.com\/aidat2024\/?s={search_term_string}"},"query-input":{"@type":"PropertyValueSpecification","valueRequired":true,"valueName":"search_term_string"}}],"inLanguage":"fr-FR"}]}},"_links":{"self":[{"href":"https:\/\/aidatransports.com\/aidat2024\/wp-json\/wp\/v2\/pages\/1150","targetHints":{"allow":["GET"]}}],"collection":[{"href":"https:\/\/aidatransports.com\/aidat2024\/wp-json\/wp\/v2\/pages"}],"about":[{"href":"https:\/\/aidatransports.com\/aidat2024\/wp-json\/wp\/v2\/types\/page"}],"author":[{"embeddable":true,"href":"https:\/\/aidatransports.com\/aidat2024\/wp-json\/wp\/v2\/users\/1"}],"replies":[{"embeddable":true,"href":"https:\/\/aidatransports.com\/aidat2024\/wp-json\/wp\/v2\/comments?post=1150"}],"version-history":[{"count":70,"href":"https:\/\/aidatransports.com\/aidat2024\/wp-json\/wp\/v2\/pages\/1150\/revisions"}],"predecessor-version":[{"id":1991,"href":"https:\/\/aidatransports.com\/aidat2024\/wp-json\/wp\/v2\/pages\/1150\/revisions\/1991"}],"wp:attachment":[{"href":"https:\/\/aidatransports.com\/aidat2024\/wp-json\/wp\/v2\/media?parent=1150"}],"curies":[{"name":"wp","href":"https:\/\/api.w.org\/{rel}","templated":true}]}}